{"id":2415,"date":"2023-10-30T15:58:16","date_gmt":"2023-10-30T15:58:16","guid":{"rendered":"https:\/\/karinstartrips-hurghada.com\/?page_id=2415"},"modified":"2025-09-15T10:00:41","modified_gmt":"2025-09-15T10:00:41","slug":"allgemeine-geschaeftsbedingungen","status":"publish","type":"page","link":"https:\/\/karinstartrips-hurghada.com\/de\/allgemeine-geschaeftsbedingungen\/","title":{"rendered":"Allgemeine Gesch\u00e4ftsbedingungen"},"content":{"rendered":"\t\t<div data-elementor-type=\"wp-page\" data-elementor-id=\"2415\" class=\"elementor elementor-2415\" data-elementor-post-type=\"page\">\n\t\t\t\t\t\t<section class=\"elementor-section elementor-top-section elementor-element elementor-element-9130f65 elementor-section-height-min-height elementor-section-boxed elementor-section-height-default elementor-section-items-middle\" data-id=\"9130f65\" data-element_type=\"section\" data-settings=\"{&quot;background_background&quot;:&quot;classic&quot;,&quot;shape_divider_bottom&quot;:&quot;wave-brush&quot;}\">\n\t\t\t\t\t\t\t<div class=\"elementor-background-overlay\"><\/div>\n\t\t\t\t\t\t<div class=\"elementor-shape elementor-shape-bottom\" aria-hidden=\"true\" data-negative=\"false\">\n\t\t\t<svg xmlns=\"http:\/\/www.w3.org\/2000\/svg\" viewBox=\"0 0 283.5 27.8\" preserveAspectRatio=\"none\">\n\t<path class=\"elementor-shape-fill\" d=\"M283.5,9.7c0,0-7.3,4.3-14,4.6c-6.8,0.3-12.6,0-20.9-1.5c-11.3-2-33.1-10.1-44.7-5.7\ts-12.1,4.6-18,7.4c-6.6,3.2-20,9.6-36.6,9.3C131.6,23.5,99.5,7.2,86.3,8c-1.4,0.1-6.6,0.8-10.5,2c-3.8,1.2-9.4,3.8-17,4.7\tc-3.2,0.4-8.3,1.1-14.2,0.9c-1.5-0.1-6.3-0.4-12-1.6c-5.7-1.2-11-3.1-15.8-3.7C6.5,9.2,0,10.8,0,10.8V0h283.5V9.7z M260.8,11.3\tc-0.7-1-2-0.4-4.3-0.4c-2.3,0-6.1-1.2-5.8-1.1c0.3,0.1,3.1,1.5,6,1.9C259.7,12.2,261.4,12.3,260.8,11.3z M242.4,8.6\tc0,0-2.4-0.2-5.6-0.9c-3.2-0.8-10.3-2.8-15.1-3.5c-8.2-1.1-15.8,0-15.1,0.1c0.8,0.1,9.6-0.6,17.6,1.1c3.3,0.7,9.3,2.2,12.4,2.7\tC239.9,8.7,242.4,8.6,242.4,8.6z M185.2,8.5c1.7-0.7-13.3,4.7-18.5,6.1c-2.1,0.6-6.2,1.6-10,2c-3.9,0.4-8.9,0.4-8.8,0.5\tc0,0.2,5.8,0.8,11.2,0c5.4-0.8,5.2-1.1,7.6-1.6C170.5,14.7,183.5,9.2,185.2,8.5z M199.1,6.9c0.2,0-0.8-0.4-4.8,1.1\tc-4,1.5-6.7,3.5-6.9,3.7c-0.2,0.1,3.5-1.8,6.6-3C197,7.5,199,6.9,199.1,6.9z M283,6c-0.1,0.1-1.9,1.1-4.8,2.5s-6.9,2.8-6.7,2.7\tc0.2,0,3.5-0.6,7.4-2.5C282.8,6.8,283.1,5.9,283,6z M31.3,11.6c0.1-0.2-1.9-0.2-4.5-1.2s-5.4-1.6-7.8-2C15,7.6,7.3,8.5,7.7,8.6\tC8,8.7,15.9,8.3,20.2,9.3c2.2,0.5,2.4,0.5,5.7,1.6S31.2,11.9,31.3,11.6z M73,9.2c0.4-0.1,3.5-1.6,8.4-2.6c4.9-1.1,8.9-0.5,8.9-0.8\tc0-0.3-1-0.9-6.2-0.3S72.6,9.3,73,9.2z M71.6,6.7C71.8,6.8,75,5.4,77.3,5c2.3-0.3,1.9-0.5,1.9-0.6c0-0.1-1.1-0.2-2.7,0.2\tC74.8,5.1,71.4,6.6,71.6,6.7z M93.6,4.4c0.1,0.2,3.5,0.8,5.6,1.8c2.1,1,1.8,0.6,1.9,0.5c0.1-0.1-0.8-0.8-2.4-1.3\tC97.1,4.8,93.5,4.2,93.6,4.4z M65.4,11.1c-0.1,0.3,0.3,0.5,1.9-0.2s2.6-1.3,2.2-1.2s-0.9,0.4-2.5,0.8C65.3,10.9,65.5,10.8,65.4,11.1\tz M34.5,12.4c-0.2,0,2.1,0.8,3.3,0.9c1.2,0.1,2,0.1,2-0.2c0-0.3-0.1-0.5-1.6-0.4C36.6,12.8,34.7,12.4,34.5,12.4z M152.2,21.1\tc-0.1,0.1-2.4-0.3-7.5-0.3c-5,0-13.6-2.4-17.2-3.5c-3.6-1.1,10,3.9,16.5,4.1C150.5,21.6,152.3,21,152.2,21.1z\"\/>\n\t<path class=\"elementor-shape-fill\" d=\"M269.6,18c-0.1-0.1-4.6,0.3-7.2,0c-7.3-0.7-17-3.2-16.6-2.9c0.4,0.3,13.7,3.1,17,3.3\tC267.7,18.8,269.7,18,269.6,18z\"\/>\n\t<path class=\"elementor-shape-fill\" d=\"M227.4,9.8c-0.2-0.1-4.5-1-9.5-1.2c-5-0.2-12.7,0.6-12.3,0.5c0.3-0.1,5.9-1.8,13.3-1.2\tS227.6,9.9,227.4,9.8z\"\/>\n\t<path class=\"elementor-shape-fill\" d=\"M204.5,13.4c-0.1-0.1,2-1,3.2-1.1c1.2-0.1,2,0,2,0.3c0,0.3-0.1,0.5-1.6,0.4\tC206.4,12.9,204.6,13.5,204.5,13.4z\"\/>\n\t<path class=\"elementor-shape-fill\" d=\"M201,10.6c0-0.1-4.4,1.2-6.3,2.2c-1.9,0.9-6.2,3.1-6.1,3.1c0.1,0.1,4.2-1.6,6.3-2.6\tS201,10.7,201,10.6z\"\/>\n\t<path class=\"elementor-shape-fill\" d=\"M154.5,26.7c-0.1-0.1-4.6,0.3-7.2,0c-7.3-0.7-17-3.2-16.6-2.9c0.4,0.3,13.7,3.1,17,3.3\tC152.6,27.5,154.6,26.8,154.5,26.7z\"\/>\n\t<path class=\"elementor-shape-fill\" d=\"M41.9,19.3c0,0,1.2-0.3,2.9-0.1c1.7,0.2,5.8,0.9,8.2,0.7c4.2-0.4,7.4-2.7,7-2.6\tc-0.4,0-4.3,2.2-8.6,1.9c-1.8-0.1-5.1-0.5-6.7-0.4S41.9,19.3,41.9,19.3z\"\/>\n\t<path class=\"elementor-shape-fill\" d=\"M75.5,12.6c0.2,0.1,2-0.8,4.3-1.1c2.3-0.2,2.1-0.3,2.1-0.5c0-0.1-1.8-0.4-3.4,0\tC76.9,11.5,75.3,12.5,75.5,12.6z\"\/>\n\t<path class=\"elementor-shape-fill\" d=\"M15.6,13.2c0-0.1,4.3,0,6.7,0.5c2.4,0.5,5,1.9,5,2c0,0.1-2.7-0.8-5.1-1.4\tC19.9,13.7,15.7,13.3,15.6,13.2z\"\/>\n<\/svg>\t\t<\/div>\n\t\t\t\t\t<div class=\"elementor-container elementor-column-gap-default\">\n\t\t\t\t\t<div class=\"elementor-column elementor-col-100 elementor-top-column elementor-element elementor-element-1a55b9c\" data-id=\"1a55b9c\" data-element_type=\"column\">\n\t\t\t<div class=\"elementor-widget-wrap elementor-element-populated\">\n\t\t\t\t\t\t<div class=\"elementor-element elementor-element-03eee31 elementor-widget elementor-widget-heading\" data-id=\"03eee31\" data-element_type=\"widget\" data-settings=\"{&quot;_animation&quot;:&quot;none&quot;}\" data-widget_type=\"heading.default\">\n\t\t\t\t<div class=\"elementor-widget-container\">\n\t\t\t\t\t<h1 class=\"elementor-heading-title elementor-size-default\">Allgemeine Gesch\u00e4ftsbedingungen<\/h1>\t\t\t\t<\/div>\n\t\t\t\t<\/div>\n\t\t\t\t\t<\/div>\n\t\t<\/div>\n\t\t\t\t\t<\/div>\n\t\t<\/section>\n\t\t<div class=\"elementor-element elementor-element-2e6a886 e-flex e-con-boxed e-con e-parent\" data-id=\"2e6a886\" data-element_type=\"container\">\n\t\t\t\t\t<div class=\"e-con-inner\">\n\t\t\t\t<div class=\"elementor-element elementor-element-653668b elementor-widget elementor-widget-text-editor\" data-id=\"653668b\" data-element_type=\"widget\" data-widget_type=\"text-editor.default\">\n\t\t\t\t<div class=\"elementor-widget-container\">\n\t\t\t\t\t\t\t\t\t<p>von KarinStar <br \/>Bootstouren mit Tauchg\u00e4ngen<\/p><p>Version Oktober 2023<\/p><p><br \/><strong>1. Anwendbarkeit<\/strong><br \/>Diese Allgemeinen Gesch\u00e4ftsbedingungen finden Anwendung auf die von Karin Star Bootstouren, folgend KarinStar genannt, angebotenen Leistungen.<\/p><p><br \/><strong>2. Versicherungen<\/strong><br \/>Der Teilnehmer ist durch KarinStar nicht versichert und nimmt auf eigenes Risiko an<br \/>Bootstouren und Tauchg\u00e4ngen teil. Der Teilnehmer verpflichtet sich, selbst\u00e4ndig f\u00fcr gen\u00fcgenden Versicherungsschutz zu sorgen<\/p><p><br \/><strong>3. Haftung<\/strong><br \/>KarinStar haftet in F\u00e4llen des Vorsatzes oder der groben Fahrl\u00e4ssigkeit nach den gesetzlichen Bestimmungen. Die Haftung f\u00fcr leichte Fahrl\u00e4ssigkeit wird ausgeschlossen. Auch die Haftung f\u00fcr Erf\u00fcllungsgehilfen wird ausgeschlossen. Keine Haftung seitens KarinStar wird \u00fcbernommen, wenn die Nichterf\u00fcllung oder nicht geh\u00f6rige Erf\u00fcllung des Angebotes zur\u00fcckzuf\u00fchren ist auf:<br \/>a) Vers\u00e4umnisse des Teilnehmers<br \/>b) unvorhersehbare oder nicht abwendbare Vers\u00e4umnisse Dritter, die an der<br \/>Erbringung der vertraglich vereinbarten Leistung nicht beteiligt sind<br \/>c) h\u00f6here Gewalt oder auf ein Ereignis, das KarinStar nicht vorsehen oder abwenden konnte.<br \/>d) Karin Star \u00fcbernimmt keine Haftung bei Verlusten von pers\u00f6nlichen Gegenst\u00e4nden. Die Sch\u00e4den sind auf den Bootstour Betrag beschr\u00e4nkt.<\/p><p><br \/><strong>4. Tauchf\u00e4higkeit<\/strong><br \/>Der Teilnehmer verpflichtet sich, die ihm vorgelegten Formulare wahrheitsgem\u00e4ss<br \/>auszuf\u00fcllen und KarinStar jederzeit und sofort \u00fcber \u00c4nderungen des Gesundheitszustandes, welche die Tauchf\u00e4higkeit beeinflussen k\u00f6nnten, zu informieren. Voraussetzung zur Teilnahme sind gute Schwimmkenntnisse. KarinStar beh\u00e4lt sich vor, bei Bedenken Teilnehmer auszuschliessen.<\/p><p><br \/><strong>5. Preis, Zahlungskonditionen<\/strong><br \/>Die Preise verstehen sich inkl. Gesetzlicher Mehrwertsteuer. Der gesamte Betrag ist vor beginn der Bootstour zu begleichen. Bei einer Reservation ist der Betrag bei der Reservation f\u00e4llig.<\/p><p><br \/><strong>6. Annullation<\/strong><br \/>Bei einer Annullation 24 Stunden vor dem Anlass wird der volle Kaufpreis zur\u00fcck erstattet. Danach bleibt er 100% geschuldet es sei denn. Im Krankheitsfall, gegen Vorweisung eines Arztzeugnisses, wird der Kaufpreis zu 50% zur\u00fcck erstattet.<\/p><p><br \/><strong>7. Tourabsagen durch KarinStar<\/strong><br \/>KarinStar beh\u00e4lt sich das Recht vor, bei ungen\u00fcgender Teilnehmerzahl oder anderen<br \/>Umst\u00e4nden (z.B. h\u00f6here Gewalt etc.) eine Tour abzusagen. KarinStar f\u00fchrt die Tour nach M\u00f6glichkeit programmgem\u00e4ss durch, beh\u00e4lt sich aber das Recht vor, das Programm, Leistungen etc. zu \u00e4ndern, wenn dies aufgrund objektiver Umst\u00e4nde notwendig erscheint. Wird seitens KarinStar der Tour abgesagt oder kein Ersatzprogramm angeboten, hat der Teilnehmer Anspruch auf R\u00fcckerstattung der vollen Tourkosten. Weitergehende Anspr\u00fcche sind ausgeschlossen.<\/p><p><br \/><strong>8. Foto- und Filmmaterial<\/strong><br \/>Mit der Zustimmung dieser AGB gew\u00e4hrt der Teilnehmer KarinStar das Recht, s\u00e4mtliche entweder durch KarinStar oder durch Teilnehmer w\u00e4hrend der Tour produzierten Film-, Foto- und Audioaufnahmen ohne weitere R\u00fccksprache f\u00fcr eigene Zwecke zu nutzen.<\/p><p><br \/><strong>9. Salvatorische Klausel<\/strong><br \/>Sollte eine oder mehrere der vorstehenden Bestimmungen ung\u00fcltig oder unvollst\u00e4ndig sein, so wird hierdurch die Wirksamkeit der \u00fcbrigen Bestimmungen nicht ber\u00fchrt. Die Vertragsparteien verpflichten sich, die jeweils unwirksame Bestimmung durch eine Regelung zu ersetzen, die nach ihrem Inhalt der urspr\u00fcnglichen Absicht am n\u00e4chsten kommt.<\/p>\t\t\t\t\t\t\t\t<\/div>\n\t\t\t\t<\/div>\n\t\t\t\t\t<\/div>\n\t\t\t\t<\/div>\n\t\t\t\t<\/div>\n\t\t","protected":false},"excerpt":{"rendered":"<p>Allgemeine Gesch\u00e4ftsbedingungen von KarinStar Bootstouren mit Tauchg\u00e4ngen Version Oktober 2023 1. AnwendbarkeitDiese Allgemeinen Gesch\u00e4ftsbedingungen finden Anwendung auf die von Karin Star Bootstouren, folgend KarinStar genannt, angebotenen Leistungen. 2. VersicherungenDer Teilnehmer ist durch KarinStar nicht versichert und nimmt auf eigenes Risiko anBootstouren und Tauchg\u00e4ngen teil. Der Teilnehmer verpflichtet sich, selbst\u00e4ndig f\u00fcr gen\u00fcgenden Versicherungsschutz zu sorgen 3. [&hellip;]<\/p>\n","protected":false},"author":1,"featured_media":0,"parent":0,"menu_order":99,"comment_status":"closed","ping_status":"closed","template":"","meta":{"footnotes":""},"class_list":["post-2415","page","type-page","status-publish","hentry"],"yoast_head":"<!-- This site is optimized with the Yoast SEO plugin v25.8 - https:\/\/yoast.com\/wordpress\/plugins\/seo\/ -->\n<title>Allgemeine Gesch\u00e4ftsbedingungen - Karinstar Trips Hurghada<\/title>\n<meta name=\"description\" content=\"Lesen Sie unsere allgemeinen Gesch\u00e4ftsbedingungen f\u00fcr Touren und Ausfl\u00fcge mit Karin Star Trips in Hurghada. Erfahren Sie mehr \u00fcber unsere Richtlinien, um ein reibungsloses und angenehmes Reiseerlebnis zu gew\u00e4hrleisten.\" \/>\n<meta name=\"robots\" content=\"noindex, follow\" \/>\n<meta property=\"og:locale\" content=\"de_DE\" \/>\n<meta property=\"og:type\" content=\"article\" \/>\n<meta property=\"og:title\" content=\"Allgemeine Gesch\u00e4ftsbedingungen - Karinstar Trips Hurghada\" \/>\n<meta property=\"og:description\" content=\"Lesen Sie unsere allgemeinen Gesch\u00e4ftsbedingungen f\u00fcr Touren und Ausfl\u00fcge mit Karin Star Trips in Hurghada. Erfahren Sie mehr \u00fcber unsere Richtlinien, um ein reibungsloses und angenehmes Reiseerlebnis zu gew\u00e4hrleisten.\" \/>\n<meta property=\"og:url\" content=\"https:\/\/karinstartrips-hurghada.com\/de\/allgemeine-geschaeftsbedingungen\/\" \/>\n<meta property=\"og:site_name\" content=\"Karinstar Trips Hurghada\" \/>\n<meta property=\"article:modified_time\" content=\"2025-09-15T10:00:41+00:00\" \/>\n<script type=\"application\/ld+json\" class=\"yoast-schema-graph\">{\"@context\":\"https:\/\/schema.org\",\"@graph\":[{\"@type\":\"WebPage\",\"@id\":\"https:\/\/karinstartrips-hurghada.com\/de\/allgemeine-geschaeftsbedingungen\/\",\"url\":\"https:\/\/karinstartrips-hurghada.com\/de\/allgemeine-geschaeftsbedingungen\/\",\"name\":\"Allgemeine Gesch\u00e4ftsbedingungen - Karinstar Trips Hurghada\",\"isPartOf\":{\"@id\":\"https:\/\/karinstartrips-hurghada.com\/de\/#website\"},\"datePublished\":\"2023-10-30T15:58:16+00:00\",\"dateModified\":\"2025-09-15T10:00:41+00:00\",\"description\":\"Lesen Sie unsere allgemeinen Gesch\u00e4ftsbedingungen f\u00fcr Touren und Ausfl\u00fcge mit Karin Star Trips in Hurghada. Erfahren Sie mehr \u00fcber unsere Richtlinien, um ein reibungsloses und angenehmes Reiseerlebnis zu gew\u00e4hrleisten.\",\"breadcrumb\":{\"@id\":\"https:\/\/karinstartrips-hurghada.com\/de\/allgemeine-geschaeftsbedingungen\/#breadcrumb\"},\"inLanguage\":\"de\",\"potentialAction\":[{\"@type\":\"ReadAction\",\"target\":[\"https:\/\/karinstartrips-hurghada.com\/de\/allgemeine-geschaeftsbedingungen\/\"]}]},{\"@type\":\"BreadcrumbList\",\"@id\":\"https:\/\/karinstartrips-hurghada.com\/de\/allgemeine-geschaeftsbedingungen\/#breadcrumb\",\"itemListElement\":[{\"@type\":\"ListItem\",\"position\":1,\"name\":\"Startseite\",\"item\":\"https:\/\/karinstartrips-hurghada.com\/de\/\"},{\"@type\":\"ListItem\",\"position\":2,\"name\":\"Allgemeine Gesch\u00e4ftsbedingungen\"}]},{\"@type\":\"WebSite\",\"@id\":\"https:\/\/karinstartrips-hurghada.com\/de\/#website\",\"url\":\"https:\/\/karinstartrips-hurghada.com\/de\/\",\"name\":\"Karinstar Trips Hurghada\",\"description\":\"Private Bootstouren in Hurghada\",\"publisher\":{\"@id\":\"https:\/\/karinstartrips-hurghada.com\/de\/#organization\"},\"alternateName\":\"Karin Star Trips Hurghada\",\"potentialAction\":[{\"@type\":\"SearchAction\",\"target\":{\"@type\":\"EntryPoint\",\"urlTemplate\":\"https:\/\/karinstartrips-hurghada.com\/de\/?s={search_term_string}\"},\"query-input\":{\"@type\":\"PropertyValueSpecification\",\"valueRequired\":true,\"valueName\":\"search_term_string\"}}],\"inLanguage\":\"de\"},{\"@type\":\"Organization\",\"@id\":\"https:\/\/karinstartrips-hurghada.com\/de\/#organization\",\"name\":\"Karinstar Trips Hurghada\",\"url\":\"https:\/\/karinstartrips-hurghada.com\/de\/\",\"logo\":{\"@type\":\"ImageObject\",\"inLanguage\":\"de\",\"@id\":\"https:\/\/karinstartrips-hurghada.com\/de\/#\/schema\/logo\/image\/\",\"url\":\"https:\/\/karinstartrips-hurghada.com\/wp-content\/uploads\/2023\/10\/KarinStar.png\",\"contentUrl\":\"https:\/\/karinstartrips-hurghada.com\/wp-content\/uploads\/2023\/10\/KarinStar.png\",\"width\":1600,\"height\":1600,\"caption\":\"Karinstar Trips Hurghada\"},\"image\":{\"@id\":\"https:\/\/karinstartrips-hurghada.com\/de\/#\/schema\/logo\/image\/\"}}]}<\/script>\n<!-- \/ Yoast SEO plugin. -->","yoast_head_json":{"title":"Allgemeine Gesch\u00e4ftsbedingungen - Karinstar Trips Hurghada","description":"Lesen Sie unsere allgemeinen Gesch\u00e4ftsbedingungen f\u00fcr Touren und Ausfl\u00fcge mit Karin Star Trips in Hurghada. Erfahren Sie mehr \u00fcber unsere Richtlinien, um ein reibungsloses und angenehmes Reiseerlebnis zu gew\u00e4hrleisten.","robots":{"index":"noindex","follow":"follow"},"og_locale":"de_DE","og_type":"article","og_title":"Allgemeine Gesch\u00e4ftsbedingungen - Karinstar Trips Hurghada","og_description":"Lesen Sie unsere allgemeinen Gesch\u00e4ftsbedingungen f\u00fcr Touren und Ausfl\u00fcge mit Karin Star Trips in Hurghada. Erfahren Sie mehr \u00fcber unsere Richtlinien, um ein reibungsloses und angenehmes Reiseerlebnis zu gew\u00e4hrleisten.","og_url":"https:\/\/karinstartrips-hurghada.com\/de\/allgemeine-geschaeftsbedingungen\/","og_site_name":"Karinstar Trips Hurghada","article_modified_time":"2025-09-15T10:00:41+00:00","schema":{"@context":"https:\/\/schema.org","@graph":[{"@type":"WebPage","@id":"https:\/\/karinstartrips-hurghada.com\/de\/allgemeine-geschaeftsbedingungen\/","url":"https:\/\/karinstartrips-hurghada.com\/de\/allgemeine-geschaeftsbedingungen\/","name":"Allgemeine Gesch\u00e4ftsbedingungen - Karinstar Trips Hurghada","isPartOf":{"@id":"https:\/\/karinstartrips-hurghada.com\/de\/#website"},"datePublished":"2023-10-30T15:58:16+00:00","dateModified":"2025-09-15T10:00:41+00:00","description":"Lesen Sie unsere allgemeinen Gesch\u00e4ftsbedingungen f\u00fcr Touren und Ausfl\u00fcge mit Karin Star Trips in Hurghada. Erfahren Sie mehr \u00fcber unsere Richtlinien, um ein reibungsloses und angenehmes Reiseerlebnis zu gew\u00e4hrleisten.","breadcrumb":{"@id":"https:\/\/karinstartrips-hurghada.com\/de\/allgemeine-geschaeftsbedingungen\/#breadcrumb"},"inLanguage":"de","potentialAction":[{"@type":"ReadAction","target":["https:\/\/karinstartrips-hurghada.com\/de\/allgemeine-geschaeftsbedingungen\/"]}]},{"@type":"BreadcrumbList","@id":"https:\/\/karinstartrips-hurghada.com\/de\/allgemeine-geschaeftsbedingungen\/#breadcrumb","itemListElement":[{"@type":"ListItem","position":1,"name":"Startseite","item":"https:\/\/karinstartrips-hurghada.com\/de\/"},{"@type":"ListItem","position":2,"name":"Allgemeine Gesch\u00e4ftsbedingungen"}]},{"@type":"WebSite","@id":"https:\/\/karinstartrips-hurghada.com\/de\/#website","url":"https:\/\/karinstartrips-hurghada.com\/de\/","name":"Karinstar Trips Hurghada","description":"Private Bootstouren in Hurghada","publisher":{"@id":"https:\/\/karinstartrips-hurghada.com\/de\/#organization"},"alternateName":"Karin Star Trips Hurghada","potentialAction":[{"@type":"SearchAction","target":{"@type":"EntryPoint","urlTemplate":"https:\/\/karinstartrips-hurghada.com\/de\/?s={search_term_string}"},"query-input":{"@type":"PropertyValueSpecification","valueRequired":true,"valueName":"search_term_string"}}],"inLanguage":"de"},{"@type":"Organization","@id":"https:\/\/karinstartrips-hurghada.com\/de\/#organization","name":"Karinstar Trips Hurghada","url":"https:\/\/karinstartrips-hurghada.com\/de\/","logo":{"@type":"ImageObject","inLanguage":"de","@id":"https:\/\/karinstartrips-hurghada.com\/de\/#\/schema\/logo\/image\/","url":"https:\/\/karinstartrips-hurghada.com\/wp-content\/uploads\/2023\/10\/KarinStar.png","contentUrl":"https:\/\/karinstartrips-hurghada.com\/wp-content\/uploads\/2023\/10\/KarinStar.png","width":1600,"height":1600,"caption":"Karinstar Trips Hurghada"},"image":{"@id":"https:\/\/karinstartrips-hurghada.com\/de\/#\/schema\/logo\/image\/"}}]}},"_links":{"self":[{"href":"https:\/\/karinstartrips-hurghada.com\/de\/wp-json\/wp\/v2\/pages\/2415","targetHints":{"allow":["GET"]}}],"collection":[{"href":"https:\/\/karinstartrips-hurghada.com\/de\/wp-json\/wp\/v2\/pages"}],"about":[{"href":"https:\/\/karinstartrips-hurghada.com\/de\/wp-json\/wp\/v2\/types\/page"}],"author":[{"embeddable":true,"href":"https:\/\/karinstartrips-hurghada.com\/de\/wp-json\/wp\/v2\/users\/1"}],"replies":[{"embeddable":true,"href":"https:\/\/karinstartrips-hurghada.com\/de\/wp-json\/wp\/v2\/comments?post=2415"}],"version-history":[{"count":21,"href":"https:\/\/karinstartrips-hurghada.com\/de\/wp-json\/wp\/v2\/pages\/2415\/revisions"}],"predecessor-version":[{"id":6700,"href":"https:\/\/karinstartrips-hurghada.com\/de\/wp-json\/wp\/v2\/pages\/2415\/revisions\/6700"}],"wp:attachment":[{"href":"https:\/\/karinstartrips-hurghada.com\/de\/wp-json\/wp\/v2\/media?parent=2415"}],"curies":[{"name":"wp","href":"https:\/\/api.w.org\/{rel}","templated":true}]}}