{"id":213,"date":"2023-10-18T18:16:03","date_gmt":"2023-10-18T18:16:03","guid":{"rendered":"https:\/\/trusting-saha.162-55-90-52.plesk.page\/karinstartrip\/?page_id=213"},"modified":"2026-03-17T12:09:56","modified_gmt":"2026-03-17T12:09:56","slug":"kontakt","status":"publish","type":"page","link":"https:\/\/karinstartrips-hurghada.com\/de\/kontakt\/","title":{"rendered":"Kontakt"},"content":{"rendered":"\t\t<div data-elementor-type=\"wp-page\" data-elementor-id=\"213\" class=\"elementor elementor-213\" data-elementor-post-type=\"page\">\n\t\t\t\t\t\t<section class=\"elementor-section elementor-top-section elementor-element elementor-element-15bd855d elementor-section-height-min-height elementor-section-boxed elementor-section-height-default elementor-section-items-middle\" data-id=\"15bd855d\" data-element_type=\"section\" data-settings=\"{&quot;background_background&quot;:&quot;classic&quot;,&quot;shape_divider_bottom&quot;:&quot;wave-brush&quot;}\">\n\t\t\t\t\t\t\t<div class=\"elementor-background-overlay\"><\/div>\n\t\t\t\t\t\t<div class=\"elementor-shape elementor-shape-bottom\" aria-hidden=\"true\" data-negative=\"false\">\n\t\t\t<svg xmlns=\"http:\/\/www.w3.org\/2000\/svg\" viewBox=\"0 0 283.5 27.8\" preserveAspectRatio=\"none\">\n\t<path class=\"elementor-shape-fill\" d=\"M283.5,9.7c0,0-7.3,4.3-14,4.6c-6.8,0.3-12.6,0-20.9-1.5c-11.3-2-33.1-10.1-44.7-5.7\ts-12.1,4.6-18,7.4c-6.6,3.2-20,9.6-36.6,9.3C131.6,23.5,99.5,7.2,86.3,8c-1.4,0.1-6.6,0.8-10.5,2c-3.8,1.2-9.4,3.8-17,4.7\tc-3.2,0.4-8.3,1.1-14.2,0.9c-1.5-0.1-6.3-0.4-12-1.6c-5.7-1.2-11-3.1-15.8-3.7C6.5,9.2,0,10.8,0,10.8V0h283.5V9.7z M260.8,11.3\tc-0.7-1-2-0.4-4.3-0.4c-2.3,0-6.1-1.2-5.8-1.1c0.3,0.1,3.1,1.5,6,1.9C259.7,12.2,261.4,12.3,260.8,11.3z M242.4,8.6\tc0,0-2.4-0.2-5.6-0.9c-3.2-0.8-10.3-2.8-15.1-3.5c-8.2-1.1-15.8,0-15.1,0.1c0.8,0.1,9.6-0.6,17.6,1.1c3.3,0.7,9.3,2.2,12.4,2.7\tC239.9,8.7,242.4,8.6,242.4,8.6z M185.2,8.5c1.7-0.7-13.3,4.7-18.5,6.1c-2.1,0.6-6.2,1.6-10,2c-3.9,0.4-8.9,0.4-8.8,0.5\tc0,0.2,5.8,0.8,11.2,0c5.4-0.8,5.2-1.1,7.6-1.6C170.5,14.7,183.5,9.2,185.2,8.5z M199.1,6.9c0.2,0-0.8-0.4-4.8,1.1\tc-4,1.5-6.7,3.5-6.9,3.7c-0.2,0.1,3.5-1.8,6.6-3C197,7.5,199,6.9,199.1,6.9z M283,6c-0.1,0.1-1.9,1.1-4.8,2.5s-6.9,2.8-6.7,2.7\tc0.2,0,3.5-0.6,7.4-2.5C282.8,6.8,283.1,5.9,283,6z M31.3,11.6c0.1-0.2-1.9-0.2-4.5-1.2s-5.4-1.6-7.8-2C15,7.6,7.3,8.5,7.7,8.6\tC8,8.7,15.9,8.3,20.2,9.3c2.2,0.5,2.4,0.5,5.7,1.6S31.2,11.9,31.3,11.6z M73,9.2c0.4-0.1,3.5-1.6,8.4-2.6c4.9-1.1,8.9-0.5,8.9-0.8\tc0-0.3-1-0.9-6.2-0.3S72.6,9.3,73,9.2z M71.6,6.7C71.8,6.8,75,5.4,77.3,5c2.3-0.3,1.9-0.5,1.9-0.6c0-0.1-1.1-0.2-2.7,0.2\tC74.8,5.1,71.4,6.6,71.6,6.7z M93.6,4.4c0.1,0.2,3.5,0.8,5.6,1.8c2.1,1,1.8,0.6,1.9,0.5c0.1-0.1-0.8-0.8-2.4-1.3\tC97.1,4.8,93.5,4.2,93.6,4.4z M65.4,11.1c-0.1,0.3,0.3,0.5,1.9-0.2s2.6-1.3,2.2-1.2s-0.9,0.4-2.5,0.8C65.3,10.9,65.5,10.8,65.4,11.1\tz M34.5,12.4c-0.2,0,2.1,0.8,3.3,0.9c1.2,0.1,2,0.1,2-0.2c0-0.3-0.1-0.5-1.6-0.4C36.6,12.8,34.7,12.4,34.5,12.4z M152.2,21.1\tc-0.1,0.1-2.4-0.3-7.5-0.3c-5,0-13.6-2.4-17.2-3.5c-3.6-1.1,10,3.9,16.5,4.1C150.5,21.6,152.3,21,152.2,21.1z\"\/>\n\t<path class=\"elementor-shape-fill\" d=\"M269.6,18c-0.1-0.1-4.6,0.3-7.2,0c-7.3-0.7-17-3.2-16.6-2.9c0.4,0.3,13.7,3.1,17,3.3\tC267.7,18.8,269.7,18,269.6,18z\"\/>\n\t<path class=\"elementor-shape-fill\" d=\"M227.4,9.8c-0.2-0.1-4.5-1-9.5-1.2c-5-0.2-12.7,0.6-12.3,0.5c0.3-0.1,5.9-1.8,13.3-1.2\tS227.6,9.9,227.4,9.8z\"\/>\n\t<path class=\"elementor-shape-fill\" d=\"M204.5,13.4c-0.1-0.1,2-1,3.2-1.1c1.2-0.1,2,0,2,0.3c0,0.3-0.1,0.5-1.6,0.4\tC206.4,12.9,204.6,13.5,204.5,13.4z\"\/>\n\t<path class=\"elementor-shape-fill\" d=\"M201,10.6c0-0.1-4.4,1.2-6.3,2.2c-1.9,0.9-6.2,3.1-6.1,3.1c0.1,0.1,4.2-1.6,6.3-2.6\tS201,10.7,201,10.6z\"\/>\n\t<path class=\"elementor-shape-fill\" d=\"M154.5,26.7c-0.1-0.1-4.6,0.3-7.2,0c-7.3-0.7-17-3.2-16.6-2.9c0.4,0.3,13.7,3.1,17,3.3\tC152.6,27.5,154.6,26.8,154.5,26.7z\"\/>\n\t<path class=\"elementor-shape-fill\" d=\"M41.9,19.3c0,0,1.2-0.3,2.9-0.1c1.7,0.2,5.8,0.9,8.2,0.7c4.2-0.4,7.4-2.7,7-2.6\tc-0.4,0-4.3,2.2-8.6,1.9c-1.8-0.1-5.1-0.5-6.7-0.4S41.9,19.3,41.9,19.3z\"\/>\n\t<path class=\"elementor-shape-fill\" d=\"M75.5,12.6c0.2,0.1,2-0.8,4.3-1.1c2.3-0.2,2.1-0.3,2.1-0.5c0-0.1-1.8-0.4-3.4,0\tC76.9,11.5,75.3,12.5,75.5,12.6z\"\/>\n\t<path class=\"elementor-shape-fill\" d=\"M15.6,13.2c0-0.1,4.3,0,6.7,0.5c2.4,0.5,5,1.9,5,2c0,0.1-2.7-0.8-5.1-1.4\tC19.9,13.7,15.7,13.3,15.6,13.2z\"\/>\n<\/svg>\t\t<\/div>\n\t\t\t\t\t<div class=\"elementor-container elementor-column-gap-default\">\n\t\t\t\t\t<div class=\"elementor-column elementor-col-100 elementor-top-column elementor-element elementor-element-78a9081f\" data-id=\"78a9081f\" data-element_type=\"column\">\n\t\t\t<div class=\"elementor-widget-wrap elementor-element-populated\">\n\t\t\t\t\t\t<div class=\"elementor-element elementor-element-3e392989 animated-slow elementor-invisible elementor-widget elementor-widget-heading\" data-id=\"3e392989\" data-element_type=\"widget\" data-settings=\"{&quot;_animation&quot;:&quot;fadeInUp&quot;}\" data-widget_type=\"heading.default\">\n\t\t\t\t<div class=\"elementor-widget-container\">\n\t\t\t\t\t<h2 class=\"elementor-heading-title elementor-size-default\">Kontakt<\/h2>\t\t\t\t<\/div>\n\t\t\t\t<\/div>\n\t\t\t\t\t<\/div>\n\t\t<\/div>\n\t\t\t\t\t<\/div>\n\t\t<\/section>\n\t\t<div class=\"elementor-element elementor-element-14d0129 e-flex e-con-boxed e-con e-parent\" data-id=\"14d0129\" data-element_type=\"container\">\n\t\t\t\t\t<div class=\"e-con-inner\">\n\t\t\t\t<div class=\"elementor-element elementor-element-e0b79e3 elementor-widget elementor-widget-heading\" data-id=\"e0b79e3\" data-element_type=\"widget\" data-widget_type=\"heading.default\">\n\t\t\t\t<div class=\"elementor-widget-container\">\n\t\t\t\t\t<h2 class=\"elementor-heading-title elementor-size-default\">Kontaktieren Sie uns<\/h2>\t\t\t\t<\/div>\n\t\t\t\t<\/div>\n\t\t<div class=\"elementor-element elementor-element-0ac40f5 e-con-full e-flex e-con e-child\" data-id=\"0ac40f5\" data-element_type=\"container\">\n\t\t<div class=\"elementor-element elementor-element-31f74b7 e-con-full e-flex e-con e-child\" data-id=\"31f74b7\" data-element_type=\"container\">\n\t\t\t\t<div class=\"elementor-element elementor-element-e6b2aa8 elementor-widget elementor-widget-text-editor\" data-id=\"e6b2aa8\" data-element_type=\"widget\" data-widget_type=\"text-editor.default\">\n\t\t\t\t<div class=\"elementor-widget-container\">\n\t\t\t\t\t\t\t\t\t<p>Wenn Sie noch weitere Informationen ben\u00f6tigen, W\u00fcnsche haben oder Kontakt aufnehmen wollen, dann f\u00fcllen Sie bitte das Kontaktformular aus.<\/p><p>M\u00f6chten Sie einen speziellen Anlass feiern, dann kontaktieren Sie uns direkt. Sei es der Hochzeitstag, Geburtstag, Jahrestag oder Sie eine Tagesreise w\u00fcnschen, wir stehen Ihnen zur Verf\u00fcgung.<\/p><p>Sie k\u00f6nnen uns auch telefonisch via WhatsApp kontaktieren.<\/p><p>Wir beraten Sie dazu gerne und geben Ihnen auf Anfrage weitere und ausf\u00fchrliche Informationen sowie Details zu unseren Ausfl\u00fcgen.<\/p>\t\t\t\t\t\t\t\t<\/div>\n\t\t\t\t<\/div>\n\t\t\t\t<div class=\"elementor-element elementor-element-405e532 elementor-icon-list--layout-traditional elementor-list-item-link-full_width elementor-widget elementor-widget-icon-list\" data-id=\"405e532\" data-element_type=\"widget\" data-widget_type=\"icon-list.default\">\n\t\t\t\t<div class=\"elementor-widget-container\">\n\t\t\t\t\t\t\t<ul class=\"elementor-icon-list-items\">\n\t\t\t\t\t\t\t<li class=\"elementor-icon-list-item\">\n\t\t\t\t\t\t\t\t\t\t\t<a href=\"https:\/\/wa.me\/message\/SJ3U67QDUDWBN1\">\n\n\t\t\t\t\t\t\t\t\t\t\t\t<span class=\"elementor-icon-list-icon\">\n\t\t\t\t\t\t\t<i aria-hidden=\"true\" class=\"fab fa-whatsapp\"><\/i>\t\t\t\t\t\t<\/span>\n\t\t\t\t\t\t\t\t\t\t<span class=\"elementor-icon-list-text\">+41 79 666 50 35<\/span>\n\t\t\t\t\t\t\t\t\t\t\t<\/a>\n\t\t\t\t\t\t\t\t\t<\/li>\n\t\t\t\t\t\t\t\t<li class=\"elementor-icon-list-item\">\n\t\t\t\t\t\t\t\t\t\t\t<a href=\"mailto:info@karinstartrips-hurghada.com\">\n\n\t\t\t\t\t\t\t\t\t\t\t\t<span class=\"elementor-icon-list-icon\">\n\t\t\t\t\t\t\t<i aria-hidden=\"true\" class=\"fas fa-envelope\"><\/i>\t\t\t\t\t\t<\/span>\n\t\t\t\t\t\t\t\t\t\t<span class=\"elementor-icon-list-text\">info@karinstartrips-hurghada.com<\/span>\n\t\t\t\t\t\t\t\t\t\t\t<\/a>\n\t\t\t\t\t\t\t\t\t<\/li>\n\t\t\t\t\t\t<\/ul>\n\t\t\t\t\t\t<\/div>\n\t\t\t\t<\/div>\n\t\t\t\t<\/div>\n\t\t<div class=\"elementor-element elementor-element-ca0f45b e-con-full e-flex e-con e-child\" data-id=\"ca0f45b\" data-element_type=\"container\">\n\t\t\t\t<div class=\"elementor-element elementor-element-792c87b elementor-button-align-end elementor-widget elementor-widget-form\" data-id=\"792c87b\" data-element_type=\"widget\" data-settings=\"{&quot;step_next_label&quot;:&quot;Next&quot;,&quot;step_previous_label&quot;:&quot;Previous&quot;,&quot;button_width&quot;:&quot;100&quot;,&quot;step_type&quot;:&quot;number_text&quot;,&quot;step_icon_shape&quot;:&quot;circle&quot;}\" data-widget_type=\"form.default\">\n\t\t\t\t<div class=\"elementor-widget-container\">\n\t\t\t\t\t\t\t<form class=\"elementor-form\" method=\"post\" name=\"Kontaktformular\">\n\t\t\t<input type=\"hidden\" name=\"post_id\" value=\"213\"\/>\n\t\t\t<input type=\"hidden\" name=\"form_id\" value=\"792c87b\"\/>\n\t\t\t<input type=\"hidden\" name=\"referer_title\" value=\"Kontakt - Karinstar Trips Hurghada\" \/>\n\n\t\t\t\t\t\t\t<input type=\"hidden\" name=\"queried_id\" value=\"213\"\/>\n\t\t\t\n\t\t\t<div class=\"elementor-form-fields-wrapper elementor-labels-above\">\n\t\t\t\t\t\t\t\t<div class=\"elementor-field-type-text elementor-field-group elementor-column elementor-field-group-vorname elementor-col-50 elementor-field-required elementor-mark-required\">\n\t\t\t\t\t\t\t\t\t\t\t\t<label for=\"form-field-vorname\" class=\"elementor-field-label\">\n\t\t\t\t\t\t\t\tVorname\t\t\t\t\t\t\t<\/label>\n\t\t\t\t\t\t\t\t\t\t\t\t\t\t<input size=\"1\" type=\"text\" name=\"form_fields[vorname]\" id=\"form-field-vorname\" class=\"elementor-field elementor-size-sm  elementor-field-textual\" placeholder=\"Vorname\" required=\"required\">\n\t\t\t\t\t\t\t\t\t\t\t<\/div>\n\t\t\t\t\t\t\t\t<div class=\"elementor-field-type-text elementor-field-group elementor-column elementor-field-group-nachname elementor-col-50 elementor-field-required elementor-mark-required\">\n\t\t\t\t\t\t\t\t\t\t\t\t<label for=\"form-field-nachname\" class=\"elementor-field-label\">\n\t\t\t\t\t\t\t\tNachname\t\t\t\t\t\t\t<\/label>\n\t\t\t\t\t\t\t\t\t\t\t\t\t\t<input size=\"1\" type=\"text\" name=\"form_fields[nachname]\" id=\"form-field-nachname\" class=\"elementor-field elementor-size-sm  elementor-field-textual\" placeholder=\"Nachname\" required=\"required\">\n\t\t\t\t\t\t\t\t\t\t\t<\/div>\n\t\t\t\t\t\t\t\t<div class=\"elementor-field-type-email elementor-field-group elementor-column elementor-field-group-email elementor-col-50 elementor-field-required elementor-mark-required\">\n\t\t\t\t\t\t\t\t\t\t\t\t<label for=\"form-field-email\" class=\"elementor-field-label\">\n\t\t\t\t\t\t\t\tE-Mail\t\t\t\t\t\t\t<\/label>\n\t\t\t\t\t\t\t\t\t\t\t\t\t\t<input size=\"1\" type=\"email\" name=\"form_fields[email]\" id=\"form-field-email\" class=\"elementor-field elementor-size-sm  elementor-field-textual\" placeholder=\"E-Mail\" required=\"required\">\n\t\t\t\t\t\t\t\t\t\t\t<\/div>\n\t\t\t\t\t\t\t\t<div class=\"elementor-field-type-tel elementor-field-group elementor-column elementor-field-group-telefon elementor-col-50 elementor-field-required elementor-mark-required\">\n\t\t\t\t\t\t\t\t\t\t\t\t<label for=\"form-field-telefon\" class=\"elementor-field-label\">\n\t\t\t\t\t\t\t\tTelefon\t\t\t\t\t\t\t<\/label>\n\t\t\t\t\t\t\t\t<input size=\"1\" type=\"tel\" name=\"form_fields[telefon]\" id=\"form-field-telefon\" class=\"elementor-field elementor-size-sm  elementor-field-textual\" placeholder=\"Telefon\" required=\"required\" pattern=\"[0-9()#&amp;+*-=.]+\" title=\"Only numbers and phone characters (#, -, *, etc) are accepted.\">\n\n\t\t\t\t\t\t<\/div>\n\t\t\t\t\t\t\t\t<div class=\"elementor-field-type-text elementor-field-group elementor-column elementor-field-group-betreff elementor-col-100 elementor-field-required elementor-mark-required\">\n\t\t\t\t\t\t\t\t\t\t\t\t<label for=\"form-field-betreff\" class=\"elementor-field-label\">\n\t\t\t\t\t\t\t\tBetreff\t\t\t\t\t\t\t<\/label>\n\t\t\t\t\t\t\t\t\t\t\t\t\t\t<input size=\"1\" type=\"text\" name=\"form_fields[betreff]\" id=\"form-field-betreff\" class=\"elementor-field elementor-size-sm  elementor-field-textual\" placeholder=\"Betreff\" required=\"required\">\n\t\t\t\t\t\t\t\t\t\t\t<\/div>\n\t\t\t\t\t\t\t\t<div class=\"elementor-field-type-textarea elementor-field-group elementor-column elementor-field-group-anliegen elementor-col-100 elementor-field-required elementor-mark-required\">\n\t\t\t\t\t\t\t\t\t\t\t\t<label for=\"form-field-anliegen\" class=\"elementor-field-label\">\n\t\t\t\t\t\t\t\tIhr Anliegen\t\t\t\t\t\t\t<\/label>\n\t\t\t\t\t\t<textarea class=\"elementor-field-textual elementor-field  elementor-size-sm\" name=\"form_fields[anliegen]\" id=\"form-field-anliegen\" rows=\"4\" placeholder=\"Ihr Anliegen\" required=\"required\"><\/textarea>\t\t\t\t<\/div>\n\t\t\t\t\t\t\t\t<div class=\"elementor-field-type-recaptcha_v3 elementor-field-group elementor-column elementor-field-group-field_39c1898 elementor-col-100 recaptcha_v3-bottomleft\">\n\t\t\t\t\t<div class=\"elementor-field\" id=\"form-field-field_39c1898\"><div class=\"elementor-g-recaptcha\" data-sitekey=\"6Lcus7IoAAAAAEW33gNXQE7gHQaEcCUiHnGz0CXK\" data-type=\"v3\" data-action=\"Form\" data-badge=\"bottomleft\" data-size=\"invisible\"><\/div><\/div>\t\t\t\t<\/div>\n\t\t\t\t\t\t\t\t<div class=\"elementor-field-group elementor-column elementor-field-type-submit elementor-col-100 e-form__buttons\">\n\t\t\t\t\t<button class=\"elementor-button elementor-size-sm\" type=\"submit\">\n\t\t\t\t\t\t<span class=\"elementor-button-content-wrapper\">\n\t\t\t\t\t\t\t\t\t\t\t\t\t\t\t\t\t\t\t\t\t\t<span class=\"elementor-button-text\">Absenden<\/span>\n\t\t\t\t\t\t\t\t\t\t\t\t\t<\/span>\n\t\t\t\t\t<\/button>\n\t\t\t\t<\/div>\n\t\t\t<\/div>\n\t\t<\/form>\n\t\t\t\t\t\t<\/div>\n\t\t\t\t<\/div>\n\t\t\t\t<\/div>\n\t\t\t\t<\/div>\n\t\t\t\t\t<\/div>\n\t\t\t\t<\/div>\n\t\t<div class=\"elementor-element elementor-element-dc54c84 e-con-full e-flex e-con e-parent\" data-id=\"dc54c84\" data-element_type=\"container\">\n\t\t\t\t<div class=\"elementor-element elementor-element-5fb6097 elementor-widget elementor-widget-google_maps\" data-id=\"5fb6097\" data-element_type=\"widget\" data-widget_type=\"google_maps.default\">\n\t\t\t\t<div class=\"elementor-widget-container\">\n\t\t\t\t\t\t\t<div class=\"elementor-custom-embed\">\n\t\t\t<iframe loading=\"lazy\"\n\t\t\t\t\tsrc=\"https:\/\/maps.google.com\/maps?q=Karin%20Star%20Trip%20Hurghada&#038;t=m&#038;z=13&#038;output=embed&#038;iwloc=near\"\n\t\t\t\t\ttitle=\"Karin Star Trip Hurghada\"\n\t\t\t\t\taria-label=\"Karin Star Trip Hurghada\"\n\t\t\t><\/iframe>\n\t\t<\/div>\n\t\t\t\t\t\t<\/div>\n\t\t\t\t<\/div>\n\t\t\t\t<\/div>\n\t\t\t\t<\/div>\n\t\t","protected":false},"excerpt":{"rendered":"<p>Kontakt Kontaktieren Sie uns Wenn Sie noch weitere Informationen ben\u00f6tigen, W\u00fcnsche haben oder Kontakt aufnehmen wollen, dann f\u00fcllen Sie bitte das Kontaktformular aus. M\u00f6chten Sie einen speziellen Anlass feiern, dann kontaktieren Sie uns direkt. Sei es der Hochzeitstag, Geburtstag, Jahrestag oder Sie eine Tagesreise w\u00fcnschen, wir stehen Ihnen zur Verf\u00fcgung. Sie k\u00f6nnen uns auch telefonisch [&hellip;]<\/p>\n","protected":false},"author":1,"featured_media":0,"parent":0,"menu_order":89,"comment_status":"closed","ping_status":"closed","template":"elementor_header_footer","meta":{"footnotes":""},"class_list":["post-213","page","type-page","status-publish","hentry"],"yoast_head":"<!-- This site is optimized with the Yoast SEO plugin v25.8 - https:\/\/yoast.com\/wordpress\/plugins\/seo\/ -->\n<title>Kontakt - Karinstar Trips Hurghada<\/title>\n<meta name=\"description\" content=\"Treten Sie mit Karin Star Trips in Kontakt f\u00fcr Anfragen oder Unterst\u00fctzung bez\u00fcglich unserer Touren und Ausfl\u00fcge in Hurghada. Wir stehen Ihnen zur Verf\u00fcgung, um Ihnen bei der Planung Ihres unvergesslichen Reiseerlebnisses zu helfen.\" \/>\n<meta name=\"robots\" content=\"index, follow, max-snippet:-1, max-image-preview:large, max-video-preview:-1\" \/>\n<link rel=\"canonical\" href=\"https:\/\/karinstartrips-hurghada.com\/de\/kontakt\/\" \/>\n<meta property=\"og:locale\" content=\"de_DE\" \/>\n<meta property=\"og:type\" content=\"article\" \/>\n<meta property=\"og:title\" content=\"Kontakt - Karinstar Trips Hurghada\" \/>\n<meta property=\"og:description\" content=\"Treten Sie mit Karin Star Trips in Kontakt f\u00fcr Anfragen oder Unterst\u00fctzung bez\u00fcglich unserer Touren und Ausfl\u00fcge in Hurghada. Wir stehen Ihnen zur Verf\u00fcgung, um Ihnen bei der Planung Ihres unvergesslichen Reiseerlebnisses zu helfen.\" \/>\n<meta property=\"og:url\" content=\"https:\/\/karinstartrips-hurghada.com\/de\/kontakt\/\" \/>\n<meta property=\"og:site_name\" content=\"Karinstar Trips Hurghada\" \/>\n<meta property=\"article:modified_time\" content=\"2026-03-17T12:09:56+00:00\" \/>\n<script type=\"application\/ld+json\" class=\"yoast-schema-graph\">{\"@context\":\"https:\/\/schema.org\",\"@graph\":[{\"@type\":\"WebPage\",\"@id\":\"https:\/\/karinstartrips-hurghada.com\/de\/kontakt\/\",\"url\":\"https:\/\/karinstartrips-hurghada.com\/de\/kontakt\/\",\"name\":\"Kontakt - Karinstar Trips Hurghada\",\"isPartOf\":{\"@id\":\"https:\/\/karinstartrips-hurghada.com\/de\/#website\"},\"datePublished\":\"2023-10-18T18:16:03+00:00\",\"dateModified\":\"2026-03-17T12:09:56+00:00\",\"description\":\"Treten Sie mit Karin Star Trips in Kontakt f\u00fcr Anfragen oder Unterst\u00fctzung bez\u00fcglich unserer Touren und Ausfl\u00fcge in Hurghada. Wir stehen Ihnen zur Verf\u00fcgung, um Ihnen bei der Planung Ihres unvergesslichen Reiseerlebnisses zu helfen.\",\"breadcrumb\":{\"@id\":\"https:\/\/karinstartrips-hurghada.com\/de\/kontakt\/#breadcrumb\"},\"inLanguage\":\"de\",\"potentialAction\":[{\"@type\":\"ReadAction\",\"target\":[\"https:\/\/karinstartrips-hurghada.com\/de\/kontakt\/\"]}]},{\"@type\":\"BreadcrumbList\",\"@id\":\"https:\/\/karinstartrips-hurghada.com\/de\/kontakt\/#breadcrumb\",\"itemListElement\":[{\"@type\":\"ListItem\",\"position\":1,\"name\":\"Startseite\",\"item\":\"https:\/\/karinstartrips-hurghada.com\/de\/\"},{\"@type\":\"ListItem\",\"position\":2,\"name\":\"Kontakt\"}]},{\"@type\":\"WebSite\",\"@id\":\"https:\/\/karinstartrips-hurghada.com\/de\/#website\",\"url\":\"https:\/\/karinstartrips-hurghada.com\/de\/\",\"name\":\"Karinstar Trips Hurghada\",\"description\":\"Private Bootstouren in Hurghada\",\"publisher\":{\"@id\":\"https:\/\/karinstartrips-hurghada.com\/de\/#organization\"},\"alternateName\":\"Karin Star Trips Hurghada\",\"potentialAction\":[{\"@type\":\"SearchAction\",\"target\":{\"@type\":\"EntryPoint\",\"urlTemplate\":\"https:\/\/karinstartrips-hurghada.com\/de\/?s={search_term_string}\"},\"query-input\":{\"@type\":\"PropertyValueSpecification\",\"valueRequired\":true,\"valueName\":\"search_term_string\"}}],\"inLanguage\":\"de\"},{\"@type\":\"Organization\",\"@id\":\"https:\/\/karinstartrips-hurghada.com\/de\/#organization\",\"name\":\"Karinstar Trips Hurghada\",\"url\":\"https:\/\/karinstartrips-hurghada.com\/de\/\",\"logo\":{\"@type\":\"ImageObject\",\"inLanguage\":\"de\",\"@id\":\"https:\/\/karinstartrips-hurghada.com\/de\/#\/schema\/logo\/image\/\",\"url\":\"https:\/\/karinstartrips-hurghada.com\/wp-content\/uploads\/2023\/10\/KarinStar.png\",\"contentUrl\":\"https:\/\/karinstartrips-hurghada.com\/wp-content\/uploads\/2023\/10\/KarinStar.png\",\"width\":1600,\"height\":1600,\"caption\":\"Karinstar Trips Hurghada\"},\"image\":{\"@id\":\"https:\/\/karinstartrips-hurghada.com\/de\/#\/schema\/logo\/image\/\"}}]}<\/script>\n<!-- \/ Yoast SEO plugin. -->","yoast_head_json":{"title":"Kontakt - Karinstar Trips Hurghada","description":"Treten Sie mit Karin Star Trips in Kontakt f\u00fcr Anfragen oder Unterst\u00fctzung bez\u00fcglich unserer Touren und Ausfl\u00fcge in Hurghada. Wir stehen Ihnen zur Verf\u00fcgung, um Ihnen bei der Planung Ihres unvergesslichen Reiseerlebnisses zu helfen.","robots":{"index":"index","follow":"follow","max-snippet":"max-snippet:-1","max-image-preview":"max-image-preview:large","max-video-preview":"max-video-preview:-1"},"canonical":"https:\/\/karinstartrips-hurghada.com\/de\/kontakt\/","og_locale":"de_DE","og_type":"article","og_title":"Kontakt - Karinstar Trips Hurghada","og_description":"Treten Sie mit Karin Star Trips in Kontakt f\u00fcr Anfragen oder Unterst\u00fctzung bez\u00fcglich unserer Touren und Ausfl\u00fcge in Hurghada. Wir stehen Ihnen zur Verf\u00fcgung, um Ihnen bei der Planung Ihres unvergesslichen Reiseerlebnisses zu helfen.","og_url":"https:\/\/karinstartrips-hurghada.com\/de\/kontakt\/","og_site_name":"Karinstar Trips Hurghada","article_modified_time":"2026-03-17T12:09:56+00:00","schema":{"@context":"https:\/\/schema.org","@graph":[{"@type":"WebPage","@id":"https:\/\/karinstartrips-hurghada.com\/de\/kontakt\/","url":"https:\/\/karinstartrips-hurghada.com\/de\/kontakt\/","name":"Kontakt - Karinstar Trips Hurghada","isPartOf":{"@id":"https:\/\/karinstartrips-hurghada.com\/de\/#website"},"datePublished":"2023-10-18T18:16:03+00:00","dateModified":"2026-03-17T12:09:56+00:00","description":"Treten Sie mit Karin Star Trips in Kontakt f\u00fcr Anfragen oder Unterst\u00fctzung bez\u00fcglich unserer Touren und Ausfl\u00fcge in Hurghada. Wir stehen Ihnen zur Verf\u00fcgung, um Ihnen bei der Planung Ihres unvergesslichen Reiseerlebnisses zu helfen.","breadcrumb":{"@id":"https:\/\/karinstartrips-hurghada.com\/de\/kontakt\/#breadcrumb"},"inLanguage":"de","potentialAction":[{"@type":"ReadAction","target":["https:\/\/karinstartrips-hurghada.com\/de\/kontakt\/"]}]},{"@type":"BreadcrumbList","@id":"https:\/\/karinstartrips-hurghada.com\/de\/kontakt\/#breadcrumb","itemListElement":[{"@type":"ListItem","position":1,"name":"Startseite","item":"https:\/\/karinstartrips-hurghada.com\/de\/"},{"@type":"ListItem","position":2,"name":"Kontakt"}]},{"@type":"WebSite","@id":"https:\/\/karinstartrips-hurghada.com\/de\/#website","url":"https:\/\/karinstartrips-hurghada.com\/de\/","name":"Karinstar Trips Hurghada","description":"Private Bootstouren in Hurghada","publisher":{"@id":"https:\/\/karinstartrips-hurghada.com\/de\/#organization"},"alternateName":"Karin Star Trips Hurghada","potentialAction":[{"@type":"SearchAction","target":{"@type":"EntryPoint","urlTemplate":"https:\/\/karinstartrips-hurghada.com\/de\/?s={search_term_string}"},"query-input":{"@type":"PropertyValueSpecification","valueRequired":true,"valueName":"search_term_string"}}],"inLanguage":"de"},{"@type":"Organization","@id":"https:\/\/karinstartrips-hurghada.com\/de\/#organization","name":"Karinstar Trips Hurghada","url":"https:\/\/karinstartrips-hurghada.com\/de\/","logo":{"@type":"ImageObject","inLanguage":"de","@id":"https:\/\/karinstartrips-hurghada.com\/de\/#\/schema\/logo\/image\/","url":"https:\/\/karinstartrips-hurghada.com\/wp-content\/uploads\/2023\/10\/KarinStar.png","contentUrl":"https:\/\/karinstartrips-hurghada.com\/wp-content\/uploads\/2023\/10\/KarinStar.png","width":1600,"height":1600,"caption":"Karinstar Trips Hurghada"},"image":{"@id":"https:\/\/karinstartrips-hurghada.com\/de\/#\/schema\/logo\/image\/"}}]}},"_links":{"self":[{"href":"https:\/\/karinstartrips-hurghada.com\/de\/wp-json\/wp\/v2\/pages\/213","targetHints":{"allow":["GET"]}}],"collection":[{"href":"https:\/\/karinstartrips-hurghada.com\/de\/wp-json\/wp\/v2\/pages"}],"about":[{"href":"https:\/\/karinstartrips-hurghada.com\/de\/wp-json\/wp\/v2\/types\/page"}],"author":[{"embeddable":true,"href":"https:\/\/karinstartrips-hurghada.com\/de\/wp-json\/wp\/v2\/users\/1"}],"replies":[{"embeddable":true,"href":"https:\/\/karinstartrips-hurghada.com\/de\/wp-json\/wp\/v2\/comments?post=213"}],"version-history":[{"count":80,"href":"https:\/\/karinstartrips-hurghada.com\/de\/wp-json\/wp\/v2\/pages\/213\/revisions"}],"predecessor-version":[{"id":7166,"href":"https:\/\/karinstartrips-hurghada.com\/de\/wp-json\/wp\/v2\/pages\/213\/revisions\/7166"}],"wp:attachment":[{"href":"https:\/\/karinstartrips-hurghada.com\/de\/wp-json\/wp\/v2\/media?parent=213"}],"curies":[{"name":"wp","href":"https:\/\/api.w.org\/{rel}","templated":true}]}}