{"id":1678,"date":"2023-10-18T18:16:00","date_gmt":"2023-10-18T18:16:00","guid":{"rendered":"https:\/\/trusting-saha.162-55-90-52.plesk.page\/karinstartrip\/?page_id=1678"},"modified":"2025-09-15T09:56:12","modified_gmt":"2025-09-15T09:56:12","slug":"datenschutzerklaerung","status":"publish","type":"page","link":"https:\/\/karinstartrips-hurghada.com\/de\/datenschutzerklaerung\/","title":{"rendered":"Datenschutzerkl\u00e4rung"},"content":{"rendered":"\t\t<div data-elementor-type=\"wp-page\" data-elementor-id=\"1678\" class=\"elementor elementor-1678\" data-elementor-post-type=\"page\">\n\t\t\t\t\t\t<section class=\"elementor-section elementor-top-section elementor-element elementor-element-2fa0605 elementor-section-height-min-height elementor-section-boxed elementor-section-height-default elementor-section-items-middle\" data-id=\"2fa0605\" data-element_type=\"section\" data-settings=\"{&quot;background_background&quot;:&quot;classic&quot;,&quot;shape_divider_bottom&quot;:&quot;wave-brush&quot;}\">\n\t\t\t\t\t\t\t<div class=\"elementor-background-overlay\"><\/div>\n\t\t\t\t\t\t<div class=\"elementor-shape elementor-shape-bottom\" aria-hidden=\"true\" data-negative=\"false\">\n\t\t\t<svg xmlns=\"http:\/\/www.w3.org\/2000\/svg\" viewBox=\"0 0 283.5 27.8\" preserveAspectRatio=\"none\">\n\t<path class=\"elementor-shape-fill\" d=\"M283.5,9.7c0,0-7.3,4.3-14,4.6c-6.8,0.3-12.6,0-20.9-1.5c-11.3-2-33.1-10.1-44.7-5.7\ts-12.1,4.6-18,7.4c-6.6,3.2-20,9.6-36.6,9.3C131.6,23.5,99.5,7.2,86.3,8c-1.4,0.1-6.6,0.8-10.5,2c-3.8,1.2-9.4,3.8-17,4.7\tc-3.2,0.4-8.3,1.1-14.2,0.9c-1.5-0.1-6.3-0.4-12-1.6c-5.7-1.2-11-3.1-15.8-3.7C6.5,9.2,0,10.8,0,10.8V0h283.5V9.7z M260.8,11.3\tc-0.7-1-2-0.4-4.3-0.4c-2.3,0-6.1-1.2-5.8-1.1c0.3,0.1,3.1,1.5,6,1.9C259.7,12.2,261.4,12.3,260.8,11.3z M242.4,8.6\tc0,0-2.4-0.2-5.6-0.9c-3.2-0.8-10.3-2.8-15.1-3.5c-8.2-1.1-15.8,0-15.1,0.1c0.8,0.1,9.6-0.6,17.6,1.1c3.3,0.7,9.3,2.2,12.4,2.7\tC239.9,8.7,242.4,8.6,242.4,8.6z M185.2,8.5c1.7-0.7-13.3,4.7-18.5,6.1c-2.1,0.6-6.2,1.6-10,2c-3.9,0.4-8.9,0.4-8.8,0.5\tc0,0.2,5.8,0.8,11.2,0c5.4-0.8,5.2-1.1,7.6-1.6C170.5,14.7,183.5,9.2,185.2,8.5z M199.1,6.9c0.2,0-0.8-0.4-4.8,1.1\tc-4,1.5-6.7,3.5-6.9,3.7c-0.2,0.1,3.5-1.8,6.6-3C197,7.5,199,6.9,199.1,6.9z M283,6c-0.1,0.1-1.9,1.1-4.8,2.5s-6.9,2.8-6.7,2.7\tc0.2,0,3.5-0.6,7.4-2.5C282.8,6.8,283.1,5.9,283,6z M31.3,11.6c0.1-0.2-1.9-0.2-4.5-1.2s-5.4-1.6-7.8-2C15,7.6,7.3,8.5,7.7,8.6\tC8,8.7,15.9,8.3,20.2,9.3c2.2,0.5,2.4,0.5,5.7,1.6S31.2,11.9,31.3,11.6z M73,9.2c0.4-0.1,3.5-1.6,8.4-2.6c4.9-1.1,8.9-0.5,8.9-0.8\tc0-0.3-1-0.9-6.2-0.3S72.6,9.3,73,9.2z M71.6,6.7C71.8,6.8,75,5.4,77.3,5c2.3-0.3,1.9-0.5,1.9-0.6c0-0.1-1.1-0.2-2.7,0.2\tC74.8,5.1,71.4,6.6,71.6,6.7z M93.6,4.4c0.1,0.2,3.5,0.8,5.6,1.8c2.1,1,1.8,0.6,1.9,0.5c0.1-0.1-0.8-0.8-2.4-1.3\tC97.1,4.8,93.5,4.2,93.6,4.4z M65.4,11.1c-0.1,0.3,0.3,0.5,1.9-0.2s2.6-1.3,2.2-1.2s-0.9,0.4-2.5,0.8C65.3,10.9,65.5,10.8,65.4,11.1\tz M34.5,12.4c-0.2,0,2.1,0.8,3.3,0.9c1.2,0.1,2,0.1,2-0.2c0-0.3-0.1-0.5-1.6-0.4C36.6,12.8,34.7,12.4,34.5,12.4z M152.2,21.1\tc-0.1,0.1-2.4-0.3-7.5-0.3c-5,0-13.6-2.4-17.2-3.5c-3.6-1.1,10,3.9,16.5,4.1C150.5,21.6,152.3,21,152.2,21.1z\"\/>\n\t<path class=\"elementor-shape-fill\" d=\"M269.6,18c-0.1-0.1-4.6,0.3-7.2,0c-7.3-0.7-17-3.2-16.6-2.9c0.4,0.3,13.7,3.1,17,3.3\tC267.7,18.8,269.7,18,269.6,18z\"\/>\n\t<path class=\"elementor-shape-fill\" d=\"M227.4,9.8c-0.2-0.1-4.5-1-9.5-1.2c-5-0.2-12.7,0.6-12.3,0.5c0.3-0.1,5.9-1.8,13.3-1.2\tS227.6,9.9,227.4,9.8z\"\/>\n\t<path class=\"elementor-shape-fill\" d=\"M204.5,13.4c-0.1-0.1,2-1,3.2-1.1c1.2-0.1,2,0,2,0.3c0,0.3-0.1,0.5-1.6,0.4\tC206.4,12.9,204.6,13.5,204.5,13.4z\"\/>\n\t<path class=\"elementor-shape-fill\" d=\"M201,10.6c0-0.1-4.4,1.2-6.3,2.2c-1.9,0.9-6.2,3.1-6.1,3.1c0.1,0.1,4.2-1.6,6.3-2.6\tS201,10.7,201,10.6z\"\/>\n\t<path class=\"elementor-shape-fill\" d=\"M154.5,26.7c-0.1-0.1-4.6,0.3-7.2,0c-7.3-0.7-17-3.2-16.6-2.9c0.4,0.3,13.7,3.1,17,3.3\tC152.6,27.5,154.6,26.8,154.5,26.7z\"\/>\n\t<path class=\"elementor-shape-fill\" d=\"M41.9,19.3c0,0,1.2-0.3,2.9-0.1c1.7,0.2,5.8,0.9,8.2,0.7c4.2-0.4,7.4-2.7,7-2.6\tc-0.4,0-4.3,2.2-8.6,1.9c-1.8-0.1-5.1-0.5-6.7-0.4S41.9,19.3,41.9,19.3z\"\/>\n\t<path class=\"elementor-shape-fill\" d=\"M75.5,12.6c0.2,0.1,2-0.8,4.3-1.1c2.3-0.2,2.1-0.3,2.1-0.5c0-0.1-1.8-0.4-3.4,0\tC76.9,11.5,75.3,12.5,75.5,12.6z\"\/>\n\t<path class=\"elementor-shape-fill\" d=\"M15.6,13.2c0-0.1,4.3,0,6.7,0.5c2.4,0.5,5,1.9,5,2c0,0.1-2.7-0.8-5.1-1.4\tC19.9,13.7,15.7,13.3,15.6,13.2z\"\/>\n<\/svg>\t\t<\/div>\n\t\t\t\t\t<div class=\"elementor-container elementor-column-gap-default\">\n\t\t\t\t\t<div class=\"elementor-column elementor-col-100 elementor-top-column elementor-element elementor-element-656ffc1\" data-id=\"656ffc1\" data-element_type=\"column\">\n\t\t\t<div class=\"elementor-widget-wrap elementor-element-populated\">\n\t\t\t\t\t\t<div class=\"elementor-element elementor-element-07ad849 elementor-widget elementor-widget-heading\" data-id=\"07ad849\" data-element_type=\"widget\" data-settings=\"{&quot;_animation&quot;:&quot;none&quot;}\" data-widget_type=\"heading.default\">\n\t\t\t\t<div class=\"elementor-widget-container\">\n\t\t\t\t\t<h1 class=\"elementor-heading-title elementor-size-default\">Datenschutzerkl\u00e4rung<\/h1>\t\t\t\t<\/div>\n\t\t\t\t<\/div>\n\t\t\t\t\t<\/div>\n\t\t<\/div>\n\t\t\t\t\t<\/div>\n\t\t<\/section>\n\t\t<div class=\"elementor-element elementor-element-0c3aa8d e-flex e-con-boxed e-con e-parent\" data-id=\"0c3aa8d\" data-element_type=\"container\">\n\t\t\t\t\t<div class=\"e-con-inner\">\n\t\t\t\t<div class=\"elementor-element elementor-element-2a6413b elementor-widget elementor-widget-text-editor\" data-id=\"2a6413b\" data-element_type=\"widget\" data-widget_type=\"text-editor.default\">\n\t\t\t\t<div class=\"elementor-widget-container\">\n\t\t\t\t\t\t\t\t\t<p>Hier finden Sie Informationen \u00fcber den Umgang mit Ihren personenbezogenen Daten beim Besuch unserer Website. Zur Bereitstellung der Funktionen und Dienste unserer Website ist es erforderlich, dass wir personenbezogene Daten \u00fcber Sie erheben. Nachfolgend erkl\u00e4ren wir, welche Daten wir \u00fcber Sie erheben, wozu dies erforderlich ist, und welche Rechte Sie in Bezug auf Ihre Daten haben.<\/p><p><strong>Informatorische Nutzung<\/strong><\/p><p>Wenn Sie diese Website nutzen, ohne anderweitig (z.B. durch Registrierung oder Nutzung des Kontaktformulars) Daten an uns zu \u00fcbermitteln, erheben wir nur technisch notwendige Daten, die automatisch an unseren Server \u00fcbermittelt werden (z.B. IP-Adresse, Datum und Uhrzeit der Anfrage, Browsertyp und Betriebssystem). Dies ist technisch erforderlich, um Ihnen unsere Website anzeigen zu k\u00f6nnen. Soweit davon personenbezogene Daten betroffen sind, ist Art. 6 Abs. 1 lit. f DSGVO Rechtsgrundlage f\u00fcr die Erhebung.<\/p><p><strong>Verwendung von Cookies<\/strong><\/p><p>Wir verwenden Cookies, um die Benutzung unserer Website zu erleichtern und zu verbessern. Cookies sind Textinformationen, die beim Besuch einer Website \u00fcber den Webbrowser auf einem Computer gespeichert werden. Dies dient der Wiedererkennung einer Sitzung, beispielsweise beim dauerhaften Login auf einer Website oder bei der Warenkorbfunktion eines Online-Shops.<\/p><p>Die meisten Webbrowser akzeptieren Cookies automatisch. Gespeicherte Cookies k\u00f6nnen Sie jederzeit \u00fcber die Einstellungen Ihres Webbrowsers l\u00f6schen. Sie k\u00f6nnen auch die Einstellungen Ihres Webbrowsers so anpassen, dass keine Cookies gespeichert werden. Dann sind unter Umst\u00e4nden nicht alle Funktionen unserer Website verf\u00fcgbar.<\/p><p><strong>Kontaktformular<\/strong><\/p><p>Auf unserer Website k\u00f6nnen Sie \u00fcber ein Kontaktformular personenbezogene Daten eingeben. Wenn Sie das Kontaktformular nutzen, erheben und speichern wir die Daten, die Sie in die Eingabemaske eingeben (z.B. Nachname, Vorname, E-Mail-Adresse). Eine Weitergabe an Dritte findet nicht statt.<\/p><p>Rechtsgrundlage f\u00fcr die Verarbeitung ist im Falle einer Einwilligung Art. 6 Abs. 1 lit. a DSGVO. Dient Ihre Anfrage der Vorbereitung eines Vertragsabschlusses ist Art. 6 Abs. 1 lit. b DSGVO zus\u00e4tzliche Rechtsgrundlage. Die Daten verwenden wir ausschliesslich, um Ihre Anfrage zu bearbeiten und zu beantworten.<\/p><p><strong>Speicherdauer<\/strong><\/p><p>Wir verarbeiten und speichern Ihre Daten nur so lange, wie dies f\u00fcr die Verarbeitung oder zur Einhaltung gesetzlicher Pflichten erforderlich ist. Nach Wegfall des Verarbeitungszwecks werden Ihre Daten gesperrt oder gel\u00f6scht. Sofern dar\u00fcber hinaus gesetzliche Pflichten zur Speicherung bestehen, sperren oder l\u00f6schen wir Ihre Daten mit Ablauf der gesetzlichen Speicherfristen.<\/p><p><strong>Datenschutzerkl\u00e4rung f\u00fcr Facebook<\/strong><\/p><p>Diese Website verwendet Funktionen von Facebook Inc., 1601 S. California Ave, Palo Alto, CA 94304, USA . Bei Aufruf unserer Seiten mit Facebook-Plug-Ins wird eine Verbindung zwischen Ihrem Browser und den Servern von Facebook aufgebaut. Dabei werden bereits Daten an Facebook \u00fcbertragen. Besitzen Sie einen Facebook-Account, k\u00f6nnen diese Daten damit verkn\u00fcpft werden. Wenn Sie keine Zuordnung dieser Daten zu Ihrem Facebook-Account w\u00fcnschen, loggen Sie sich bitte vor dem Besuch unserer Seite bei Facebook aus. Interaktionen, insbesondere das Nutzen einer Kommentarfunktion oder das Anklicken eines \u201eLike\u201c- oder \u201eTeilen\u201c-Buttons werden ebenfalls an Facebook weitergegeben. Mehr erfahren Sie unter\u00a0<a href=\"https:\/\/de-de.facebook.com\/about\/privacy\">https:\/\/de-de.facebook.com\/about\/privacy<\/a>.<\/p><p><strong>Datenschutzerkl\u00e4rung f\u00fcr Instagram<\/strong><\/p><p>Auf unserer Website sind Funktionen des Dienstes Instagram eingebunden. Diese Funktionen werden angeboten durch die Instagram Inc., 1601 Willow Road, Menlo Park, CA, 94025, USA integriert. Wenn Sie in Ihrem Instagram-Account eingeloggt sind k\u00f6nnen Sie durch Anklicken des Instagram-Buttons die Inhalte unserer Seiten mit Ihrem Instagram-Profil verlinken. Dadurch kann Instagram den Besuch unserer Seiten Ihrem Benutzerkonto zuordnen. Wir weisen darauf hin, dass wir als Anbieter der Seiten keine Kenntnis vom Inhalt der \u00fcbermittelten Daten sowie deren Nutzung durch Instagram erhalten.<\/p><p>Weitere Informationen hierzu finden Sie in der Datenschutzerkl\u00e4rung von Instagram:\u00a0<a href=\"https:\/\/instagram.com\/about\/legal\/privacy\/\">http:\/\/instagram.com\/about\/legal\/privacy\/<\/a><\/p><p>Hurghada, Oktober 2023 <\/p>\t\t\t\t\t\t\t\t<\/div>\n\t\t\t\t<\/div>\n\t\t\t\t\t<\/div>\n\t\t\t\t<\/div>\n\t\t\t\t<\/div>\n\t\t","protected":false},"excerpt":{"rendered":"<p>Datenschutzerkl\u00e4rung Hier finden Sie Informationen \u00fcber den Umgang mit Ihren personenbezogenen Daten beim Besuch unserer Website. Zur Bereitstellung der Funktionen und Dienste unserer Website ist es erforderlich, dass wir personenbezogene Daten \u00fcber Sie erheben. Nachfolgend erkl\u00e4ren wir, welche Daten wir \u00fcber Sie erheben, wozu dies erforderlich ist, und welche Rechte Sie in Bezug auf Ihre [&hellip;]<\/p>\n","protected":false},"author":1,"featured_media":0,"parent":0,"menu_order":91,"comment_status":"closed","ping_status":"closed","template":"","meta":{"footnotes":""},"class_list":["post-1678","page","type-page","status-publish","hentry"],"yoast_head":"<!-- This site is optimized with the Yoast SEO plugin v25.8 - https:\/\/yoast.com\/wordpress\/plugins\/seo\/ -->\n<title>Datenschutzerkl\u00e4rung - Karinstar Trips Hurghada<\/title>\n<meta name=\"description\" content=\"Lesen Sie unsere Datenschutzerkl\u00e4rung, um zu verstehen, wie Karin Star Trips Ihre pers\u00f6nlichen Informationen sammelt, verwendet und sch\u00fctzt. Ihre Privatsph\u00e4re ist uns wichtig, und wir sind bestrebt, die Vertraulichkeit Ihrer Daten zu wahren.\" \/>\n<meta name=\"robots\" content=\"noindex, follow\" \/>\n<meta property=\"og:locale\" content=\"de_DE\" \/>\n<meta property=\"og:type\" content=\"article\" \/>\n<meta property=\"og:title\" content=\"Datenschutzerkl\u00e4rung - Karinstar Trips Hurghada\" \/>\n<meta property=\"og:description\" content=\"Lesen Sie unsere Datenschutzerkl\u00e4rung, um zu verstehen, wie Karin Star Trips Ihre pers\u00f6nlichen Informationen sammelt, verwendet und sch\u00fctzt. Ihre Privatsph\u00e4re ist uns wichtig, und wir sind bestrebt, die Vertraulichkeit Ihrer Daten zu wahren.\" \/>\n<meta property=\"og:url\" content=\"https:\/\/karinstartrips-hurghada.com\/de\/datenschutzerklaerung\/\" \/>\n<meta property=\"og:site_name\" content=\"Karinstar Trips Hurghada\" \/>\n<meta property=\"article:modified_time\" content=\"2025-09-15T09:56:12+00:00\" \/>\n<script type=\"application\/ld+json\" class=\"yoast-schema-graph\">{\"@context\":\"https:\/\/schema.org\",\"@graph\":[{\"@type\":\"WebPage\",\"@id\":\"https:\/\/karinstartrips-hurghada.com\/de\/datenschutzerklaerung\/\",\"url\":\"https:\/\/karinstartrips-hurghada.com\/de\/datenschutzerklaerung\/\",\"name\":\"Datenschutzerkl\u00e4rung - Karinstar Trips Hurghada\",\"isPartOf\":{\"@id\":\"https:\/\/karinstartrips-hurghada.com\/de\/#website\"},\"datePublished\":\"2023-10-18T18:16:00+00:00\",\"dateModified\":\"2025-09-15T09:56:12+00:00\",\"description\":\"Lesen Sie unsere Datenschutzerkl\u00e4rung, um zu verstehen, wie Karin Star Trips Ihre pers\u00f6nlichen Informationen sammelt, verwendet und sch\u00fctzt. Ihre Privatsph\u00e4re ist uns wichtig, und wir sind bestrebt, die Vertraulichkeit Ihrer Daten zu wahren.\",\"breadcrumb\":{\"@id\":\"https:\/\/karinstartrips-hurghada.com\/de\/datenschutzerklaerung\/#breadcrumb\"},\"inLanguage\":\"de\",\"potentialAction\":[{\"@type\":\"ReadAction\",\"target\":[\"https:\/\/karinstartrips-hurghada.com\/de\/datenschutzerklaerung\/\"]}]},{\"@type\":\"BreadcrumbList\",\"@id\":\"https:\/\/karinstartrips-hurghada.com\/de\/datenschutzerklaerung\/#breadcrumb\",\"itemListElement\":[{\"@type\":\"ListItem\",\"position\":1,\"name\":\"Startseite\",\"item\":\"https:\/\/karinstartrips-hurghada.com\/de\/\"},{\"@type\":\"ListItem\",\"position\":2,\"name\":\"Datenschutzerkl\u00e4rung\"}]},{\"@type\":\"WebSite\",\"@id\":\"https:\/\/karinstartrips-hurghada.com\/de\/#website\",\"url\":\"https:\/\/karinstartrips-hurghada.com\/de\/\",\"name\":\"Karinstar Trips Hurghada\",\"description\":\"Private Bootstouren in Hurghada\",\"publisher\":{\"@id\":\"https:\/\/karinstartrips-hurghada.com\/de\/#organization\"},\"alternateName\":\"Karin Star Trips Hurghada\",\"potentialAction\":[{\"@type\":\"SearchAction\",\"target\":{\"@type\":\"EntryPoint\",\"urlTemplate\":\"https:\/\/karinstartrips-hurghada.com\/de\/?s={search_term_string}\"},\"query-input\":{\"@type\":\"PropertyValueSpecification\",\"valueRequired\":true,\"valueName\":\"search_term_string\"}}],\"inLanguage\":\"de\"},{\"@type\":\"Organization\",\"@id\":\"https:\/\/karinstartrips-hurghada.com\/de\/#organization\",\"name\":\"Karinstar Trips Hurghada\",\"url\":\"https:\/\/karinstartrips-hurghada.com\/de\/\",\"logo\":{\"@type\":\"ImageObject\",\"inLanguage\":\"de\",\"@id\":\"https:\/\/karinstartrips-hurghada.com\/de\/#\/schema\/logo\/image\/\",\"url\":\"https:\/\/karinstartrips-hurghada.com\/wp-content\/uploads\/2023\/10\/KarinStar.png\",\"contentUrl\":\"https:\/\/karinstartrips-hurghada.com\/wp-content\/uploads\/2023\/10\/KarinStar.png\",\"width\":1600,\"height\":1600,\"caption\":\"Karinstar Trips Hurghada\"},\"image\":{\"@id\":\"https:\/\/karinstartrips-hurghada.com\/de\/#\/schema\/logo\/image\/\"}}]}<\/script>\n<!-- \/ Yoast SEO plugin. -->","yoast_head_json":{"title":"Datenschutzerkl\u00e4rung - Karinstar Trips Hurghada","description":"Lesen Sie unsere Datenschutzerkl\u00e4rung, um zu verstehen, wie Karin Star Trips Ihre pers\u00f6nlichen Informationen sammelt, verwendet und sch\u00fctzt. Ihre Privatsph\u00e4re ist uns wichtig, und wir sind bestrebt, die Vertraulichkeit Ihrer Daten zu wahren.","robots":{"index":"noindex","follow":"follow"},"og_locale":"de_DE","og_type":"article","og_title":"Datenschutzerkl\u00e4rung - Karinstar Trips Hurghada","og_description":"Lesen Sie unsere Datenschutzerkl\u00e4rung, um zu verstehen, wie Karin Star Trips Ihre pers\u00f6nlichen Informationen sammelt, verwendet und sch\u00fctzt. Ihre Privatsph\u00e4re ist uns wichtig, und wir sind bestrebt, die Vertraulichkeit Ihrer Daten zu wahren.","og_url":"https:\/\/karinstartrips-hurghada.com\/de\/datenschutzerklaerung\/","og_site_name":"Karinstar Trips Hurghada","article_modified_time":"2025-09-15T09:56:12+00:00","schema":{"@context":"https:\/\/schema.org","@graph":[{"@type":"WebPage","@id":"https:\/\/karinstartrips-hurghada.com\/de\/datenschutzerklaerung\/","url":"https:\/\/karinstartrips-hurghada.com\/de\/datenschutzerklaerung\/","name":"Datenschutzerkl\u00e4rung - Karinstar Trips Hurghada","isPartOf":{"@id":"https:\/\/karinstartrips-hurghada.com\/de\/#website"},"datePublished":"2023-10-18T18:16:00+00:00","dateModified":"2025-09-15T09:56:12+00:00","description":"Lesen Sie unsere Datenschutzerkl\u00e4rung, um zu verstehen, wie Karin Star Trips Ihre pers\u00f6nlichen Informationen sammelt, verwendet und sch\u00fctzt. Ihre Privatsph\u00e4re ist uns wichtig, und wir sind bestrebt, die Vertraulichkeit Ihrer Daten zu wahren.","breadcrumb":{"@id":"https:\/\/karinstartrips-hurghada.com\/de\/datenschutzerklaerung\/#breadcrumb"},"inLanguage":"de","potentialAction":[{"@type":"ReadAction","target":["https:\/\/karinstartrips-hurghada.com\/de\/datenschutzerklaerung\/"]}]},{"@type":"BreadcrumbList","@id":"https:\/\/karinstartrips-hurghada.com\/de\/datenschutzerklaerung\/#breadcrumb","itemListElement":[{"@type":"ListItem","position":1,"name":"Startseite","item":"https:\/\/karinstartrips-hurghada.com\/de\/"},{"@type":"ListItem","position":2,"name":"Datenschutzerkl\u00e4rung"}]},{"@type":"WebSite","@id":"https:\/\/karinstartrips-hurghada.com\/de\/#website","url":"https:\/\/karinstartrips-hurghada.com\/de\/","name":"Karinstar Trips Hurghada","description":"Private Bootstouren in Hurghada","publisher":{"@id":"https:\/\/karinstartrips-hurghada.com\/de\/#organization"},"alternateName":"Karin Star Trips Hurghada","potentialAction":[{"@type":"SearchAction","target":{"@type":"EntryPoint","urlTemplate":"https:\/\/karinstartrips-hurghada.com\/de\/?s={search_term_string}"},"query-input":{"@type":"PropertyValueSpecification","valueRequired":true,"valueName":"search_term_string"}}],"inLanguage":"de"},{"@type":"Organization","@id":"https:\/\/karinstartrips-hurghada.com\/de\/#organization","name":"Karinstar Trips Hurghada","url":"https:\/\/karinstartrips-hurghada.com\/de\/","logo":{"@type":"ImageObject","inLanguage":"de","@id":"https:\/\/karinstartrips-hurghada.com\/de\/#\/schema\/logo\/image\/","url":"https:\/\/karinstartrips-hurghada.com\/wp-content\/uploads\/2023\/10\/KarinStar.png","contentUrl":"https:\/\/karinstartrips-hurghada.com\/wp-content\/uploads\/2023\/10\/KarinStar.png","width":1600,"height":1600,"caption":"Karinstar Trips Hurghada"},"image":{"@id":"https:\/\/karinstartrips-hurghada.com\/de\/#\/schema\/logo\/image\/"}}]}},"_links":{"self":[{"href":"https:\/\/karinstartrips-hurghada.com\/de\/wp-json\/wp\/v2\/pages\/1678","targetHints":{"allow":["GET"]}}],"collection":[{"href":"https:\/\/karinstartrips-hurghada.com\/de\/wp-json\/wp\/v2\/pages"}],"about":[{"href":"https:\/\/karinstartrips-hurghada.com\/de\/wp-json\/wp\/v2\/types\/page"}],"author":[{"embeddable":true,"href":"https:\/\/karinstartrips-hurghada.com\/de\/wp-json\/wp\/v2\/users\/1"}],"replies":[{"embeddable":true,"href":"https:\/\/karinstartrips-hurghada.com\/de\/wp-json\/wp\/v2\/comments?post=1678"}],"version-history":[{"count":24,"href":"https:\/\/karinstartrips-hurghada.com\/de\/wp-json\/wp\/v2\/pages\/1678\/revisions"}],"predecessor-version":[{"id":6696,"href":"https:\/\/karinstartrips-hurghada.com\/de\/wp-json\/wp\/v2\/pages\/1678\/revisions\/6696"}],"wp:attachment":[{"href":"https:\/\/karinstartrips-hurghada.com\/de\/wp-json\/wp\/v2\/media?parent=1678"}],"curies":[{"name":"wp","href":"https:\/\/api.w.org\/{rel}","templated":true}]}}